{"id":369,"date":"2026-03-19T18:38:31","date_gmt":"2026-03-19T17:38:31","guid":{"rendered":"http:\/\/157.90.166.158\/?page_id=369"},"modified":"2026-03-19T18:38:42","modified_gmt":"2026-03-19T17:38:42","slug":"agbs","status":"publish","type":"page","link":"https:\/\/www.waffenhandel-walch.de\/agbs\/","title":{"rendered":"Allgemeine Gesch\u00e4ftsbedingungen"},"content":{"rendered":"\n<h3 class=\"wp-block-heading\">1. Allgemeines, Vertragsschlu\u00df<\/h3>\n\n\n\n<p>Karl Walch schlie\u00dft Vertr\u00e4ge, mit Ausnahme von Logistikvertr\u00e4gen, nur unter Anwendung nachfolgenden Bedingungen mit Unternehmern und juristischen und privaten Personen, die die Ware f\u00fcr ihre betriebliche und private T\u00e4tigkeit verwenden. Die nachfolgenden Gesch\u00e4ftsbedingungen gelten f\u00fcr die gesamte gegenw\u00e4rtige und zuk\u00fcnftige Gesch\u00e4ftsbeziehung, auch wenn nicht ausdr\u00fccklich auf sie Bezug genommen wird. F\u00fcr Logistikvertr\u00e4ge gelten die ADSp in der jeweils neuesten Fassung. Anderslautende Gesch\u00e4ftsbedingungen des Kunden sind nicht wirksam, sofern die Wirksamkeit nicht einzelvertraglich vereinbart wurde. Abweichende Gegenbest\u00e4tigungen lehnen wir hiermit ausdr\u00fccklich ab. Angebote sind freibleibend. Unsere Muster und sonstigen Angaben \u00fcber die Beschaffenheit der Ware sind unverbindliche Rahmenangaben, sofern sie nicht ausdr\u00fccklich garantiert werden. Vereinbarte Lieferfristen beginnen erst nach v\u00f6lliger Klarstellung aller Ausf\u00fchrungseinzelheiten.<\/p>\n\n\n\n<h3 class=\"wp-block-heading\">2. Verkaufspreise, Nebenabreden<\/h3>\n\n\n\n<p>Die Berechnung der Ware erfolgt mit den vereinbarten Preisen. Sofern kein Preis vereinbart wurde, werden die am Tag des Vertragsschlusses geltenden Preise berechnet. Die Produkte unterliegen der Differenzbesteuerung nach \u00a725 A UstG daher, kann keine ges. MwSt. ausgewiesen werden. Kunden au\u00dferhalb der Bundesrepublik Deutschland werden in Bezug auf die Umsatzsteuer ggf. abweichend behandelt. M\u00fcndliche Nebenabreden und Zusicherungen bed\u00fcrfen, um wirksam zu sein, unserer schriftlichen Best\u00e4tigung.<\/p>\n\n\n\n<h3 class=\"wp-block-heading\">3. Lieferung, Gefahren\u00fcbergang<\/h3>\n\n\n\n<p>Teillieferungen werden vorbehalten. L\u00e4sst sich die Bestellmenge nicht mit den \u00fcblichen Verpackungseinheiten ausliefern, so sind wir berechtigt nach entsprechender Information des Kunden von der Bestellmenge abzuweichen. Abweichungen von Ma\u00df, Gewicht und G\u00fcte sind im Rahmen der geltenden \u00dcbung zul\u00e4ssig. Lieferungen \u2013 auch frachtfreie \u2013 erfolgen auf Gefahr des K\u00e4ufers. Die Gefahr des Untergangs, des Verlustes oder der Verschlechterung der Ware geht mit der Auslieferung oder \u00dcbergabe an die zur Ausf\u00fchrung der Versendung bestimmte Person auf den Kunden \u00fcber.<\/p>\n\n\n\n<h3 class=\"wp-block-heading\">4. Lieferst\u00f6rungen, Annahmeverzug<\/h3>\n\n\n\n<p>Von uns nicht zu vertretende Umst\u00e4nde und Ereignisse, die die Lieferung verhindern oder wesentlich erschweren, befreien uns f\u00fcr die Dauer ihrer Auswirkungen von unserer Lieferpflicht. Das gilt insbesondere bei staatlichen Eingriffen, oder wenn unsere Vorlieferer von der Lieferpflicht ganz oder teilweise entbunden sind, oder wenn die normalen Bezugs- oder Transportm\u00f6glichkeiten nicht mehr gegeben sind. \u00dcberschreitet der K\u00e4ufer durch seinen Abruf sein Kreditlimit, so sind wir von unserer Lieferverpflichtung entbunden. Kommt der Kunde mit der Abnahme der Ware in Verzug, so sind wir berechtigt, vom Vertrag zur\u00fcckzutreten oder Schadenersatz zu verlangen. Warenr\u00fccksendungen sind nur nach vorheriger schriftlicher Vereinbarung m\u00f6glich. Nicht abgenommene Ware lagert auf Rechnung und Gefahr des K\u00e4ufers.<\/p>\n\n\n\n<h3 class=\"wp-block-heading\">5. Transportbestimmung\/Versicherung<\/h3>\n\n\n\n<p>Mangels besonderer Weisung bestimmen wir als Beauftragte des K\u00e4ufers Transportart und \u2013weg. Wir decken Versicherungen nur auf Weisung und Kosten des K\u00e4ufers.<\/p>\n\n\n\n<h3 class=\"wp-block-heading\">6. Gew\u00e4hrleistung<\/h3>\n\n\n\n<p>Offensichtliche M\u00e4ngel sind binnen 14 Kalendertagen ab Empfang der Ware schriftlich anzuzeigen, andernfalls ist die Geltendmachung des Gew\u00e4hrleistungsanspruchs ausgeschlossen. Zur Fristwahrung gen\u00fcgt die rechtzeitige Absendung. Der Kunde tr\u00e4gt hierf\u00fcr die Beweislast. Der Kunde hat die Ware unverz\u00fcglich nach Empfang, am Empfangsort zu untersuchen. Ein entdeckter Mangel ist unverz\u00fcglich anzuzeigen. Unterl\u00e4sst der Kunde die Untersuchung, die M\u00e4ngelanzeige oder wird die Ware von ihm verbraucht, vermischt oder ver\u00e4u\u00dfert, so gilt dies als vorbehaltslose Genehmigung. Die Beanstandung einer Lieferung berechtigt nicht zur Ablehnung weiterer Lieferungen aus demselben oder einem anderen Vertrag. Durch Verhandlungen \u00fcber eine Beanstandung wird nicht auf den Einwand, dass die R\u00fcge nicht rechtzeitig, sachlich unbegr\u00fcndet oder sonst ungen\u00fcgend gewesen sei, verzichtet. Ma\u00dfnahmen zur Schadensminderung gelten nicht als M\u00e4ngelanerkenntnis. Die Gew\u00e4hrleistung erfolgt zun\u00e4chst durch Nachbesserung oder Nacherf\u00fcllung. Schl\u00e4gt die Nachbesserung bzw. Nacherf\u00fcllung fehl, so kann der Kunde Minderung oder R\u00fcckg\u00e4ngigmachung des Vertrages verlangen. Gew\u00e4hrleistungs- und Schadensersatzanspr\u00fcche verj\u00e4hren binnen 6 Monaten nach Ablieferung der Ware. Die Gew\u00e4hrleistung umfasst nicht die Kosten eines eventuellen Austausch eines Produktes. Ausgeschlossen sind Anspr\u00fcche f\u00fcr nicht von Karl Walch zu vertretenden M\u00e4ngel, die infolge unsachm\u00e4\u00dfiger Verwendung, fehlerhafter Montage, Einbaus bzw. Inbetriebnahme durch den Fachmann oder Dritte, nat\u00fcrlichem Verschlei\u00df sowie au\u00dfergew\u00f6hnlicher externer Einfl\u00fcsse entstehen. Dar\u00fcber hinaus sind geringf\u00fcgige Abweichungen, insbesondere soweit diese entsprechend dem Stand der Technik im Toleranzbereich gelegen sind, nicht als zu vertretender Mangel anzusehen.<\/p>\n\n\n\n<h3 class=\"wp-block-heading\">7. Haftung<\/h3>\n\n\n\n<p>Vorbehaltlich der nachfolgenden Ausnahme haften wir nicht -egal aus welchem Rechtsgrund- f\u00fcr die leicht fahrl\u00e4ssige Verletzung von Pflichten durch uns, unsere gesetzlichen Vertreter oder Erf\u00fcllungsgehilfen. F\u00fcr die leicht fahrl\u00e4ssige Verletzung von Schutzpflichten haften wir ausdr\u00fccklich nicht. Die vorstehenden Haftungsausschl\u00fcsse gelten nicht bei verschuldensunabh\u00e4ngiger Haftung, insbesondere nach dem Produkthaftungsgesetz, und bei verschuldeten K\u00f6rper- und Gesundheitssch\u00e4den oder dem Verlust des Lebens.<\/p>\n\n\n\n<h3 class=\"wp-block-heading\">8. Zahlungskonditionen<\/h3>\n\n\n\n<p>Unsere Forderungen sind per Vorkasse oder bar bei Abholung zu begleichen. Ma\u00dfgeblich f\u00fcr die Rechtzeitigkeit Ihrer Zahlung ist der Eingang bei uns.<\/p>\n\n\n\n<h3 class=\"wp-block-heading\">9. Zahlungsverzug, Bonit\u00e4tszweifel<\/h3>\n\n\n\n<p>Die gelieferten Waren sind bis zum einger\u00e4umten Zahlungsziel zu bezahlen. Kommt der Kunde in Zahlungsverzug, so werden die gesetzlichen Verzugszinsen berechnet. Au\u00dferdem behalten wir uns die Geltendmachung eines weitergehenden Verzugsschadens vor. Durch den Eintritt des Zahlungsverzuges werden alle gew\u00e4hrten Rabatte, Skonti etc. hinf\u00e4llig. Bei begr\u00fcndeten Zweifeln an der Bonit\u00e4t des Kunden k\u00f6nnen wir Lieferungen von der Zahlung eines angemessenen Vorschusses abh\u00e4ngig machen. Dieses Recht steht uns f\u00fcr laufende Bestellungen auch zu, wenn der Kunde sich im Zahlungsverzug befindet oder bestellte Waren nicht abnimmt.<\/p>\n\n\n\n<h3 class=\"wp-block-heading\">10. Eigentumsvorbehalt<\/h3>\n\n\n\n<p>Karl Walch beh\u00e4lt sich das Eigentum an den gelieferten Waren bis zum Eingang aller Zahlungen aus der Gesch\u00e4ftsbeziehung mit dem Kunden vor. Der Kunde ist bis zur Erlangung des vollwertigen Eigentums weder zur Weiterver\u00e4u\u00dferung noch zur Verarbeitung oder Vermischung berechtigt.<\/p>\n\n\n\n<h3 class=\"wp-block-heading\">11. Datenspeicherung<\/h3>\n\n\n\n<p>Die uns bekannten Kundendaten werden im Rahmen der g\u00fcltigen datenschutzrechtlichen Regelungen gespeichert. Eine Weitergabe an Dritte erfolgt nicht.<\/p>\n\n\n\n<h3 class=\"wp-block-heading\">12. Schlussbestimmungen<\/h3>\n\n\n\n<p>Es gilt ausschlie\u00dflich deutsches Recht. Ist der Kunde Kaufmann, juristische Person des \u00f6ffentlichen Rechts oder \u00f6ffentlich-rechtliches Sonderverm\u00f6gen, so ist ausschlie\u00dflicher Gerichtsstand Passau. Sollten einzelne Bestimmungen des Vertrages einschlie\u00dflich dieser Gesch\u00e4ftsbedingungen ganz oder teilweise unwirksam sein oder werden, so bleiben die \u00fcbrigen Bestimmungen wirksam. An die Stelle der unwirksamen Bestimmung tritt die gesetzliche Regelung.<\/p>\n\n\n\n<p><strong>Widerrufsbelehrung<\/strong><br>Widerrufsbelehrung bei au\u00dferhalb von Gesch\u00e4ftsr\u00e4umen geschlossenen Vertr\u00e4gen und bei Fernabsatzvertr\u00e4gen mit Ausnahme von Vertr\u00e4gen \u00fcber Finanzdienstleistungen<\/p>\n\n\n\n<p><strong>Widerrufsrecht<\/strong><br>Sie haben das Recht, binnen vierzehn Tagen ohne Angabe von Gr\u00fcnden diesen Vertrag zu widerrufen. Die Widerrufsfrist betr\u00e4gt vierzehn Tage ab dem Tag im Falle eines Kaufvertrags an dem Sie oder ein von Ihnen benannter Dritter, der nicht der Bef\u00f6rderer ist, die Waren in Besitz genommen haben bzw. hat. Um Ihr Widerrufsrecht auszu\u00fcben, m\u00fcssen Sie uns (Karl Walch, Oberer Markt 26, 94535 Eging am See, Telefon: +49 170 8904086, E-Mail: karlwalch1@web.de) mittels einer eindeutigen Erkl\u00e4rung (z. B. ein mit der Post versandter Brief oder E-Mail) \u00fcber Ihren Entschluss, diesen Vertrag zu widerrufen, informieren. Sie k\u00f6nnen daf\u00fcr das beigef\u00fcgte Muster-Widerrufsformular verwenden, das jedoch nicht vorgeschrieben ist. Sie k\u00f6nnen das Muster-Widerrufsformular auch auf unserer Webseite unter Muster-Widerrufsformular downloaden und dieses oder eine andere eindeutige Erkl\u00e4rung \u00fcbermitteln. Machen Sie von dieser M\u00f6glichkeit Gebrauch, so werden wir Ihnen unverz\u00fcglich (z.B. per E-Mail) eine Best\u00e4tigung \u00fcber den Eingang eines solchen Widerrufs \u00fcbermitteln. Zur Wahrung der Widerrufsfrist reicht es aus, dass Sie die Mitteilung \u00fcber die Aus\u00fcbung des Widerrufsrechts vor Ablauf der Widerrufsfrist absenden. Folgen des Widerrufs Wenn Sie diesen Vertrag widerrufen, haben wir Ihnen alle Zahlungen, die wir von Ihnen erhalten haben, einschlie\u00dflich der Lieferkosten (mit Ausnahme der zus\u00e4tzlichen Kosten, die sich daraus ergeben, dass Sie eine andere Art der Lieferung als die von uns angebotene, g\u00fcnstigste Standardlieferung gew\u00e4hlt haben), unverz\u00fcglich und sp\u00e4testens binnen vierzehn Tagen ab dem Tag zur\u00fcckzuzahlen, an dem die Mitteilung \u00fcber Ihren Widerruf dieses Vertrags bei uns eingegangen ist. F\u00fcr diese R\u00fcckzahlung verwenden wir dasselbe Zahlungsmittel, das Sie bei der urspr\u00fcnglichen Transaktion eingesetzt haben, es sei denn, mit Ihnen wurde ausdr\u00fccklich etwas anderes vereinbart; in keinem Fall werden Ihnen wegen dieser R\u00fcckzahlung Entgelte berechnet. Wir k\u00f6nnen die R\u00fcckzahlung verweigern, bis wir die Waren wieder zur\u00fcckerhalten haben oder bis Sie den Nachweis erbracht haben, dass Sie die Waren zur\u00fcckgesandt haben, je nachdem, welches der fr\u00fchere Zeitpunkt ist. Sie haben die Waren unverz\u00fcglich und in jedem Fall sp\u00e4testens binnen vierzehn Tagen ab dem Tag, an dem Sie uns \u00fcber den Widerruf dieses Vertrags unterrichten, an uns zur\u00fcckzusenden oder zu \u00fcbergeben. Die Frist ist gewahrt, wenn Sie die Waren vor Ablauf der Frist von vierzehn Tagen absenden. Sie tragen die unmittelbaren Kosten der R\u00fccksendung der Waren. Sie m\u00fcssen f\u00fcr einen etwaigen Wertverlust der Waren nur aufkommen, wenn dieser Wertverlust auf einen zur Pr\u00fcfung der Beschaffenheit, Eigenschaften und Funktionsweise der Waren nicht notwendigen Umgang mit ihnen zur\u00fcckzuf\u00fchren ist. Waffenhandel Walch Karl Walch Oberer Markt 26 94535 Eging am See eMail:Waffenhandelwalch@web.de St.Nr 153\/284\/72950<\/p>\n","protected":false},"excerpt":{"rendered":"<p>1. Allgemeines, Vertragsschlu\u00df Karl Walch schlie\u00dft Vertr\u00e4ge, mit Ausnahme von Logistikvertr\u00e4gen, nur unter Anwendung nachfolgenden Bedingungen mit Unternehmern und juristischen [&hellip;]<\/p>\n","protected":false},"author":1,"featured_media":0,"parent":0,"menu_order":0,"comment_status":"closed","ping_status":"closed","template":"","meta":{"site-sidebar-layout":"default","site-content-layout":"","ast-site-content-layout":"default","site-content-style":"default","site-sidebar-style":"default","ast-global-header-display":"","ast-banner-title-visibility":"","ast-main-header-display":"","ast-hfb-above-header-display":"","ast-hfb-below-header-display":"","ast-hfb-mobile-header-display":"","site-post-title":"","ast-breadcrumbs-content":"","ast-featured-img":"","footer-sml-layout":"","ast-disable-related-posts":"","theme-transparent-header-meta":"","adv-header-id-meta":"","stick-header-meta":"","header-above-stick-meta":"","header-main-stick-meta":"","header-below-stick-meta":"","astra-migrate-meta-layouts":"default","ast-page-background-enabled":"default","ast-page-background-meta":{"desktop":{"background-color":"var(--ast-global-color-5)","background-image":"","background-repeat":"repeat","background-position":"center center","background-size":"auto","background-attachment":"scroll","background-type":"","background-media":"","overlay-type":"","overlay-color":"","overlay-opacity":"","overlay-gradient":""},"tablet":{"background-color":"","background-image":"","background-repeat":"repeat","background-position":"center center","background-size":"auto","background-attachment":"scroll","background-type":"","background-media":"","overlay-type":"","overlay-color":"","overlay-opacity":"","overlay-gradient":""},"mobile":{"background-color":"","background-image":"","background-repeat":"repeat","background-position":"center center","background-size":"auto","background-attachment":"scroll","background-type":"","background-media":"","overlay-type":"","overlay-color":"","overlay-opacity":"","overlay-gradient":""}},"ast-content-background-meta":{"desktop":{"background-color":"var(--ast-global-color-4)","background-image":"","background-repeat":"repeat","background-position":"center center","background-size":"auto","background-attachment":"scroll","background-type":"","background-media":"","overlay-type":"","overlay-color":"","overlay-opacity":"","overlay-gradient":""},"tablet":{"background-color":"var(--ast-global-color-4)","background-image":"","background-repeat":"repeat","background-position":"center center","background-size":"auto","background-attachment":"scroll","background-type":"","background-media":"","overlay-type":"","overlay-color":"","overlay-opacity":"","overlay-gradient":""},"mobile":{"background-color":"var(--ast-global-color-4)","background-image":"","background-repeat":"repeat","background-position":"center center","background-size":"auto","background-attachment":"scroll","background-type":"","background-media":"","overlay-type":"","overlay-color":"","overlay-opacity":"","overlay-gradient":""}},"footnotes":""},"class_list":["post-369","page","type-page","status-publish","hentry"],"yoast_head":"<!-- This site is optimized with the Yoast SEO plugin v27.6 - https:\/\/yoast.com\/product\/yoast-seo-wordpress\/ -->\n<title>Allgemeine Gesch\u00e4ftsbedingungen -<\/title>\n<meta name=\"robots\" content=\"index, follow, max-snippet:-1, max-image-preview:large, max-video-preview:-1\" \/>\n<link rel=\"canonical\" href=\"https:\/\/www.waffenhandel-walch.de\/agbs\/\" \/>\n<meta property=\"og:locale\" content=\"de_DE\" \/>\n<meta property=\"og:type\" content=\"article\" \/>\n<meta property=\"og:title\" content=\"Allgemeine Gesch\u00e4ftsbedingungen -\" \/>\n<meta property=\"og:description\" content=\"1. Allgemeines, Vertragsschlu\u00df Karl Walch schlie\u00dft Vertr\u00e4ge, mit Ausnahme von Logistikvertr\u00e4gen, nur unter Anwendung nachfolgenden Bedingungen mit Unternehmern und juristischen [&hellip;]\" \/>\n<meta property=\"og:url\" content=\"https:\/\/www.waffenhandel-walch.de\/agbs\/\" \/>\n<meta property=\"article:modified_time\" content=\"2026-03-19T17:38:42+00:00\" \/>\n<meta name=\"twitter:card\" content=\"summary_large_image\" \/>\n<meta name=\"twitter:label1\" content=\"Gesch\u00e4tzte Lesezeit\" \/>\n\t<meta name=\"twitter:data1\" content=\"7\u00a0Minuten\" \/>\n<script type=\"application\/ld+json\" class=\"yoast-schema-graph\">{\"@context\":\"https:\\\/\\\/schema.org\",\"@graph\":[{\"@type\":\"WebPage\",\"@id\":\"https:\\\/\\\/www.waffenhandel-walch.de\\\/agbs\\\/\",\"url\":\"https:\\\/\\\/www.waffenhandel-walch.de\\\/agbs\\\/\",\"name\":\"Allgemeine Gesch\u00e4ftsbedingungen -\",\"isPartOf\":{\"@id\":\"https:\\\/\\\/www.waffenhandel-walch.de\\\/#website\"},\"datePublished\":\"2026-03-19T17:38:31+00:00\",\"dateModified\":\"2026-03-19T17:38:42+00:00\",\"breadcrumb\":{\"@id\":\"https:\\\/\\\/www.waffenhandel-walch.de\\\/agbs\\\/#breadcrumb\"},\"inLanguage\":\"de\",\"potentialAction\":[{\"@type\":\"ReadAction\",\"target\":[\"https:\\\/\\\/www.waffenhandel-walch.de\\\/agbs\\\/\"]}]},{\"@type\":\"BreadcrumbList\",\"@id\":\"https:\\\/\\\/www.waffenhandel-walch.de\\\/agbs\\\/#breadcrumb\",\"itemListElement\":[{\"@type\":\"ListItem\",\"position\":1,\"name\":\"Start\",\"item\":\"https:\\\/\\\/www.waffenhandel-walch.de\\\/\"},{\"@type\":\"ListItem\",\"position\":2,\"name\":\"Allgemeine Gesch\u00e4ftsbedingungen\"}]},{\"@type\":\"WebSite\",\"@id\":\"https:\\\/\\\/www.waffenhandel-walch.de\\\/#website\",\"url\":\"https:\\\/\\\/www.waffenhandel-walch.de\\\/\",\"name\":\"Waffenhandel Walch\",\"description\":\"Waffenhandel Walch - Ihr H\u00e4ndler f\u00fcr Sport-, Jagd- und Sammlerwaffen\",\"publisher\":{\"@id\":\"https:\\\/\\\/www.waffenhandel-walch.de\\\/#organization\"},\"potentialAction\":[{\"@type\":\"SearchAction\",\"target\":{\"@type\":\"EntryPoint\",\"urlTemplate\":\"https:\\\/\\\/www.waffenhandel-walch.de\\\/?s={search_term_string}\"},\"query-input\":{\"@type\":\"PropertyValueSpecification\",\"valueRequired\":true,\"valueName\":\"search_term_string\"}}],\"inLanguage\":\"de\"},{\"@type\":\"Organization\",\"@id\":\"https:\\\/\\\/www.waffenhandel-walch.de\\\/#organization\",\"name\":\"Waffenhandel Walch Eging\",\"url\":\"https:\\\/\\\/www.waffenhandel-walch.de\\\/\",\"logo\":{\"@type\":\"ImageObject\",\"inLanguage\":\"de\",\"@id\":\"https:\\\/\\\/www.waffenhandel-walch.de\\\/#\\\/schema\\\/logo\\\/image\\\/\",\"url\":\"https:\\\/\\\/www.waffenhandel-walch.de\\\/wp-content\\\/uploads\\\/2026\\\/03\\\/cropped-cropped-waffenhandel-walch-logo.png\",\"contentUrl\":\"https:\\\/\\\/www.waffenhandel-walch.de\\\/wp-content\\\/uploads\\\/2026\\\/03\\\/cropped-cropped-waffenhandel-walch-logo.png\",\"width\":800,\"height\":171,\"caption\":\"Waffenhandel Walch Eging\"},\"image\":{\"@id\":\"https:\\\/\\\/www.waffenhandel-walch.de\\\/#\\\/schema\\\/logo\\\/image\\\/\"}}]}<\/script>\n<!-- \/ Yoast SEO plugin. -->","yoast_head_json":{"title":"Allgemeine Gesch\u00e4ftsbedingungen -","robots":{"index":"index","follow":"follow","max-snippet":"max-snippet:-1","max-image-preview":"max-image-preview:large","max-video-preview":"max-video-preview:-1"},"canonical":"https:\/\/www.waffenhandel-walch.de\/agbs\/","og_locale":"de_DE","og_type":"article","og_title":"Allgemeine Gesch\u00e4ftsbedingungen -","og_description":"1. Allgemeines, Vertragsschlu\u00df Karl Walch schlie\u00dft Vertr\u00e4ge, mit Ausnahme von Logistikvertr\u00e4gen, nur unter Anwendung nachfolgenden Bedingungen mit Unternehmern und juristischen [&hellip;]","og_url":"https:\/\/www.waffenhandel-walch.de\/agbs\/","article_modified_time":"2026-03-19T17:38:42+00:00","twitter_card":"summary_large_image","twitter_misc":{"Gesch\u00e4tzte Lesezeit":"7\u00a0Minuten"},"schema":{"@context":"https:\/\/schema.org","@graph":[{"@type":"WebPage","@id":"https:\/\/www.waffenhandel-walch.de\/agbs\/","url":"https:\/\/www.waffenhandel-walch.de\/agbs\/","name":"Allgemeine Gesch\u00e4ftsbedingungen -","isPartOf":{"@id":"https:\/\/www.waffenhandel-walch.de\/#website"},"datePublished":"2026-03-19T17:38:31+00:00","dateModified":"2026-03-19T17:38:42+00:00","breadcrumb":{"@id":"https:\/\/www.waffenhandel-walch.de\/agbs\/#breadcrumb"},"inLanguage":"de","potentialAction":[{"@type":"ReadAction","target":["https:\/\/www.waffenhandel-walch.de\/agbs\/"]}]},{"@type":"BreadcrumbList","@id":"https:\/\/www.waffenhandel-walch.de\/agbs\/#breadcrumb","itemListElement":[{"@type":"ListItem","position":1,"name":"Start","item":"https:\/\/www.waffenhandel-walch.de\/"},{"@type":"ListItem","position":2,"name":"Allgemeine Gesch\u00e4ftsbedingungen"}]},{"@type":"WebSite","@id":"https:\/\/www.waffenhandel-walch.de\/#website","url":"https:\/\/www.waffenhandel-walch.de\/","name":"Waffenhandel Walch","description":"Waffenhandel Walch - Ihr H\u00e4ndler f\u00fcr Sport-, Jagd- und Sammlerwaffen","publisher":{"@id":"https:\/\/www.waffenhandel-walch.de\/#organization"},"potentialAction":[{"@type":"SearchAction","target":{"@type":"EntryPoint","urlTemplate":"https:\/\/www.waffenhandel-walch.de\/?s={search_term_string}"},"query-input":{"@type":"PropertyValueSpecification","valueRequired":true,"valueName":"search_term_string"}}],"inLanguage":"de"},{"@type":"Organization","@id":"https:\/\/www.waffenhandel-walch.de\/#organization","name":"Waffenhandel Walch Eging","url":"https:\/\/www.waffenhandel-walch.de\/","logo":{"@type":"ImageObject","inLanguage":"de","@id":"https:\/\/www.waffenhandel-walch.de\/#\/schema\/logo\/image\/","url":"https:\/\/www.waffenhandel-walch.de\/wp-content\/uploads\/2026\/03\/cropped-cropped-waffenhandel-walch-logo.png","contentUrl":"https:\/\/www.waffenhandel-walch.de\/wp-content\/uploads\/2026\/03\/cropped-cropped-waffenhandel-walch-logo.png","width":800,"height":171,"caption":"Waffenhandel Walch Eging"},"image":{"@id":"https:\/\/www.waffenhandel-walch.de\/#\/schema\/logo\/image\/"}}]}},"_links":{"self":[{"href":"https:\/\/www.waffenhandel-walch.de\/index.php\/wp-json\/wp\/v2\/pages\/369","targetHints":{"allow":["GET"]}}],"collection":[{"href":"https:\/\/www.waffenhandel-walch.de\/index.php\/wp-json\/wp\/v2\/pages"}],"about":[{"href":"https:\/\/www.waffenhandel-walch.de\/index.php\/wp-json\/wp\/v2\/types\/page"}],"author":[{"embeddable":true,"href":"https:\/\/www.waffenhandel-walch.de\/index.php\/wp-json\/wp\/v2\/users\/1"}],"replies":[{"embeddable":true,"href":"https:\/\/www.waffenhandel-walch.de\/index.php\/wp-json\/wp\/v2\/comments?post=369"}],"version-history":[{"count":2,"href":"https:\/\/www.waffenhandel-walch.de\/index.php\/wp-json\/wp\/v2\/pages\/369\/revisions"}],"predecessor-version":[{"id":371,"href":"https:\/\/www.waffenhandel-walch.de\/index.php\/wp-json\/wp\/v2\/pages\/369\/revisions\/371"}],"wp:attachment":[{"href":"https:\/\/www.waffenhandel-walch.de\/index.php\/wp-json\/wp\/v2\/media?parent=369"}],"curies":[{"name":"wp","href":"https:\/\/api.w.org\/{rel}","templated":true}]}}