{"id":332,"date":"2026-03-19T17:47:51","date_gmt":"2026-03-19T16:47:51","guid":{"rendered":"http:\/\/157.90.166.158\/?page_id=332"},"modified":"2026-03-19T20:56:43","modified_gmt":"2026-03-19T19:56:43","slug":"kontakt","status":"publish","type":"page","link":"https:\/\/www.waffenhandel-walch.de\/kontakt\/","title":{"rendered":"Kontakt"},"content":{"rendered":"\n<section class=\"tactical-contact-section\">\n    <div class=\"contact-container\">\n        \n        <header class=\"contact-header\">\n            <div class=\"item-meta\">\n                <span class=\"item-number\">\/\/ Contact<\/span>\n                <span class=\"item-category\">Direkter Draht<\/span>\n            <\/div>\n            <h1>So erreichen Sie uns<\/h1>\n            <p class=\"contact-intro\">Haben Sie Fragen zu einem bestimmten Modell oder m\u00f6chten Sie einen Termin au\u00dferhalb der regul\u00e4ren \u00d6ffnungszeiten vereinbaren? Wir sind gerne f\u00fcr Sie da.<\/p>\n        <\/header>\n\n        <div class=\"contact-grid\">\n            \n            <div class=\"info-column\">\n                <div class=\"info-block\">\n                    <h3>Anschrift<\/h3>\n                    <p>Waffenhandel Walch<br>Inh. Karl Walch<br>Oberer Markt 6<br>94535 Eging am See<\/p>\n                    <a href=\"https:\/\/www.google.com\/maps\/dir\/\/Oberer+Markt+6,+94535+Eging+am+See\" target=\"_blank\" class=\"route-btn\">Route planen \u2192<\/a>\n                <\/div>\n\n                <div class=\"info-block\">\n                    <h3>\u00d6ffnungszeiten<\/h3>\n                    <div class=\"opening-hours\">\n                        <div class=\"day-row\"><span>Freitag<\/span><span>09:00 \u2013 12:00 Uhr<\/span><\/div>\n                        <div class=\"day-row\"><span>&nbsp;<\/span><span>14:00 \u2013 18:00 Uhr<\/span><\/div>\n                        <div class=\"day-row\"><span>Samstag<\/span><span>09:00 \u2013 12:00 Uhr<\/span><\/div>\n                    <\/div>\n                    <p class=\"special-note\">Sowie nach telefonischer Vereinbarung.<\/p>\n                <\/div>\n            <\/div>\n\n            <div class=\"action-column\">\n                <a href=\"tel:+491708904086\" class=\"contact-card\">\n                    <div class=\"card-icon\">\n                        <svg viewBox=\"0 0 24 24\" fill=\"none\" stroke=\"currentColor\" stroke-width=\"2\"><path d=\"M22 16.92v3a2 2 0 0 1-2.18 2 19.79 19.79 0 0 1-8.63-3.07 19.5 19.5 0 0 1-6-6 19.79 19.79 0 0 1-3.07-8.67A2 2 0 0 1 4.11 2h3a2 2 0 0 1 2 1.72 12.84 12.84 0 0 0 .7 2.81 2 2 0 0 1-.45 2.11L8.09 9.91a16 16 0 0 0 6 6l1.27-1.27a2 2 0 0 1 2.11-.45 12.84 12.84 0 0 0 2.81.7A2 2 0 0 1 22 16.92z\"><\/path><\/svg>\n                    <\/div>\n                    <div class=\"card-content\">\n                        <span>Telefon<\/span>\n                        <strong>+49 (0) 170 8904086<\/strong>\n                    <\/div>\n                <\/a>\n\n                <a href=\"mailto:info@waffenhandel-walch.de\" class=\"contact-card highlight\">\n                    <div class=\"card-icon\">\n                        <svg viewBox=\"0 0 24 24\" fill=\"none\" stroke=\"currentColor\" stroke-width=\"2\"><path d=\"M4 4h16c1.1 0 2 .9 2 2v12c0 1.1-.9 2-2 2H4c-1.1 0-2-.9-2-2V6c0-1.1.9-2 2-2z\"><\/path><polyline points=\"22,6 12,13 2,6\"><\/polyline><\/svg>\n                    <\/div>\n                    <div class=\"card-content\">\n                        <span>E-Mail<\/span>\n                        <strong>info@waffenhandel-walch.de<\/strong>\n                    <\/div>\n                <\/a>\n            <\/div>\n        <\/div>\n\n    <\/div>\n<\/section>\n\n\n\n<p><\/p>\n","protected":false},"excerpt":{"rendered":"<p>\/\/ Contact Direkter Draht So erreichen Sie uns Haben Sie Fragen zu einem bestimmten Modell oder m\u00f6chten Sie einen Termin [&hellip;]<\/p>\n","protected":false},"author":1,"featured_media":0,"parent":0,"menu_order":0,"comment_status":"closed","ping_status":"closed","template":"","meta":{"site-sidebar-layout":"default","site-content-layout":"","ast-site-content-layout":"default","site-content-style":"default","site-sidebar-style":"default","ast-global-header-display":"","ast-banner-title-visibility":"","ast-main-header-display":"","ast-hfb-above-header-display":"","ast-hfb-below-header-display":"","ast-hfb-mobile-header-display":"","site-post-title":"disabled","ast-breadcrumbs-content":"","ast-featured-img":"","footer-sml-layout":"","ast-disable-related-posts":"","theme-transparent-header-meta":"","adv-header-id-meta":"","stick-header-meta":"","header-above-stick-meta":"","header-main-stick-meta":"","header-below-stick-meta":"","astra-migrate-meta-layouts":"default","ast-page-background-enabled":"default","ast-page-background-meta":{"desktop":{"background-color":"var(--ast-global-color-5)","background-image":"","background-repeat":"repeat","background-position":"center center","background-size":"auto","background-attachment":"scroll","background-type":"","background-media":"","overlay-type":"","overlay-color":"","overlay-opacity":"","overlay-gradient":""},"tablet":{"background-color":"","background-image":"","background-repeat":"repeat","background-position":"center center","background-size":"auto","background-attachment":"scroll","background-type":"","background-media":"","overlay-type":"","overlay-color":"","overlay-opacity":"","overlay-gradient":""},"mobile":{"background-color":"","background-image":"","background-repeat":"repeat","background-position":"center center","background-size":"auto","background-attachment":"scroll","background-type":"","background-media":"","overlay-type":"","overlay-color":"","overlay-opacity":"","overlay-gradient":""}},"ast-content-background-meta":{"desktop":{"background-color":"var(--ast-global-color-4)","background-image":"","background-repeat":"repeat","background-position":"center center","background-size":"auto","background-attachment":"scroll","background-type":"","background-media":"","overlay-type":"","overlay-color":"","overlay-opacity":"","overlay-gradient":""},"tablet":{"background-color":"var(--ast-global-color-4)","background-image":"","background-repeat":"repeat","background-position":"center center","background-size":"auto","background-attachment":"scroll","background-type":"","background-media":"","overlay-type":"","overlay-color":"","overlay-opacity":"","overlay-gradient":""},"mobile":{"background-color":"var(--ast-global-color-4)","background-image":"","background-repeat":"repeat","background-position":"center center","background-size":"auto","background-attachment":"scroll","background-type":"","background-media":"","overlay-type":"","overlay-color":"","overlay-opacity":"","overlay-gradient":""}},"footnotes":""},"class_list":["post-332","page","type-page","status-publish","hentry"],"yoast_head":"<!-- This site is optimized with the Yoast SEO plugin v27.6 - https:\/\/yoast.com\/product\/yoast-seo-wordpress\/ -->\n<title>Kontakt -<\/title>\n<meta name=\"robots\" content=\"index, follow, max-snippet:-1, max-image-preview:large, max-video-preview:-1\" \/>\n<link rel=\"canonical\" href=\"https:\/\/www.waffenhandel-walch.de\/kontakt\/\" \/>\n<meta property=\"og:locale\" content=\"de_DE\" \/>\n<meta property=\"og:type\" content=\"article\" \/>\n<meta property=\"og:title\" content=\"Kontakt -\" \/>\n<meta property=\"og:description\" content=\"\/\/ Contact Direkter Draht So erreichen Sie uns Haben Sie Fragen zu einem bestimmten Modell oder m\u00f6chten Sie einen Termin [&hellip;]\" \/>\n<meta property=\"og:url\" content=\"https:\/\/www.waffenhandel-walch.de\/kontakt\/\" \/>\n<meta property=\"article:modified_time\" content=\"2026-03-19T19:56:43+00:00\" \/>\n<meta name=\"twitter:card\" content=\"summary_large_image\" \/>\n<script type=\"application\/ld+json\" class=\"yoast-schema-graph\">{\"@context\":\"https:\\\/\\\/schema.org\",\"@graph\":[{\"@type\":\"WebPage\",\"@id\":\"https:\\\/\\\/www.waffenhandel-walch.de\\\/kontakt\\\/\",\"url\":\"https:\\\/\\\/www.waffenhandel-walch.de\\\/kontakt\\\/\",\"name\":\"Kontakt -\",\"isPartOf\":{\"@id\":\"https:\\\/\\\/www.waffenhandel-walch.de\\\/#website\"},\"datePublished\":\"2026-03-19T16:47:51+00:00\",\"dateModified\":\"2026-03-19T19:56:43+00:00\",\"breadcrumb\":{\"@id\":\"https:\\\/\\\/www.waffenhandel-walch.de\\\/kontakt\\\/#breadcrumb\"},\"inLanguage\":\"de\",\"potentialAction\":[{\"@type\":\"ReadAction\",\"target\":[\"https:\\\/\\\/www.waffenhandel-walch.de\\\/kontakt\\\/\"]}]},{\"@type\":\"BreadcrumbList\",\"@id\":\"https:\\\/\\\/www.waffenhandel-walch.de\\\/kontakt\\\/#breadcrumb\",\"itemListElement\":[{\"@type\":\"ListItem\",\"position\":1,\"name\":\"Start\",\"item\":\"https:\\\/\\\/www.waffenhandel-walch.de\\\/\"},{\"@type\":\"ListItem\",\"position\":2,\"name\":\"Kontakt\"}]},{\"@type\":\"WebSite\",\"@id\":\"https:\\\/\\\/www.waffenhandel-walch.de\\\/#website\",\"url\":\"https:\\\/\\\/www.waffenhandel-walch.de\\\/\",\"name\":\"Waffenhandel Walch\",\"description\":\"Waffenhandel Walch - Ihr H\u00e4ndler f\u00fcr Sport-, Jagd- und Sammlerwaffen\",\"publisher\":{\"@id\":\"https:\\\/\\\/www.waffenhandel-walch.de\\\/#organization\"},\"potentialAction\":[{\"@type\":\"SearchAction\",\"target\":{\"@type\":\"EntryPoint\",\"urlTemplate\":\"https:\\\/\\\/www.waffenhandel-walch.de\\\/?s={search_term_string}\"},\"query-input\":{\"@type\":\"PropertyValueSpecification\",\"valueRequired\":true,\"valueName\":\"search_term_string\"}}],\"inLanguage\":\"de\"},{\"@type\":\"Organization\",\"@id\":\"https:\\\/\\\/www.waffenhandel-walch.de\\\/#organization\",\"name\":\"Waffenhandel Walch Eging\",\"url\":\"https:\\\/\\\/www.waffenhandel-walch.de\\\/\",\"logo\":{\"@type\":\"ImageObject\",\"inLanguage\":\"de\",\"@id\":\"https:\\\/\\\/www.waffenhandel-walch.de\\\/#\\\/schema\\\/logo\\\/image\\\/\",\"url\":\"https:\\\/\\\/www.waffenhandel-walch.de\\\/wp-content\\\/uploads\\\/2026\\\/03\\\/cropped-cropped-waffenhandel-walch-logo.png\",\"contentUrl\":\"https:\\\/\\\/www.waffenhandel-walch.de\\\/wp-content\\\/uploads\\\/2026\\\/03\\\/cropped-cropped-waffenhandel-walch-logo.png\",\"width\":800,\"height\":171,\"caption\":\"Waffenhandel Walch Eging\"},\"image\":{\"@id\":\"https:\\\/\\\/www.waffenhandel-walch.de\\\/#\\\/schema\\\/logo\\\/image\\\/\"}}]}<\/script>\n<!-- \/ Yoast SEO plugin. -->","yoast_head_json":{"title":"Kontakt -","robots":{"index":"index","follow":"follow","max-snippet":"max-snippet:-1","max-image-preview":"max-image-preview:large","max-video-preview":"max-video-preview:-1"},"canonical":"https:\/\/www.waffenhandel-walch.de\/kontakt\/","og_locale":"de_DE","og_type":"article","og_title":"Kontakt -","og_description":"\/\/ Contact Direkter Draht So erreichen Sie uns Haben Sie Fragen zu einem bestimmten Modell oder m\u00f6chten Sie einen Termin [&hellip;]","og_url":"https:\/\/www.waffenhandel-walch.de\/kontakt\/","article_modified_time":"2026-03-19T19:56:43+00:00","twitter_card":"summary_large_image","schema":{"@context":"https:\/\/schema.org","@graph":[{"@type":"WebPage","@id":"https:\/\/www.waffenhandel-walch.de\/kontakt\/","url":"https:\/\/www.waffenhandel-walch.de\/kontakt\/","name":"Kontakt -","isPartOf":{"@id":"https:\/\/www.waffenhandel-walch.de\/#website"},"datePublished":"2026-03-19T16:47:51+00:00","dateModified":"2026-03-19T19:56:43+00:00","breadcrumb":{"@id":"https:\/\/www.waffenhandel-walch.de\/kontakt\/#breadcrumb"},"inLanguage":"de","potentialAction":[{"@type":"ReadAction","target":["https:\/\/www.waffenhandel-walch.de\/kontakt\/"]}]},{"@type":"BreadcrumbList","@id":"https:\/\/www.waffenhandel-walch.de\/kontakt\/#breadcrumb","itemListElement":[{"@type":"ListItem","position":1,"name":"Start","item":"https:\/\/www.waffenhandel-walch.de\/"},{"@type":"ListItem","position":2,"name":"Kontakt"}]},{"@type":"WebSite","@id":"https:\/\/www.waffenhandel-walch.de\/#website","url":"https:\/\/www.waffenhandel-walch.de\/","name":"Waffenhandel Walch","description":"Waffenhandel Walch - Ihr H\u00e4ndler f\u00fcr Sport-, Jagd- und Sammlerwaffen","publisher":{"@id":"https:\/\/www.waffenhandel-walch.de\/#organization"},"potentialAction":[{"@type":"SearchAction","target":{"@type":"EntryPoint","urlTemplate":"https:\/\/www.waffenhandel-walch.de\/?s={search_term_string}"},"query-input":{"@type":"PropertyValueSpecification","valueRequired":true,"valueName":"search_term_string"}}],"inLanguage":"de"},{"@type":"Organization","@id":"https:\/\/www.waffenhandel-walch.de\/#organization","name":"Waffenhandel Walch Eging","url":"https:\/\/www.waffenhandel-walch.de\/","logo":{"@type":"ImageObject","inLanguage":"de","@id":"https:\/\/www.waffenhandel-walch.de\/#\/schema\/logo\/image\/","url":"https:\/\/www.waffenhandel-walch.de\/wp-content\/uploads\/2026\/03\/cropped-cropped-waffenhandel-walch-logo.png","contentUrl":"https:\/\/www.waffenhandel-walch.de\/wp-content\/uploads\/2026\/03\/cropped-cropped-waffenhandel-walch-logo.png","width":800,"height":171,"caption":"Waffenhandel Walch Eging"},"image":{"@id":"https:\/\/www.waffenhandel-walch.de\/#\/schema\/logo\/image\/"}}]}},"_links":{"self":[{"href":"https:\/\/www.waffenhandel-walch.de\/index.php\/wp-json\/wp\/v2\/pages\/332","targetHints":{"allow":["GET"]}}],"collection":[{"href":"https:\/\/www.waffenhandel-walch.de\/index.php\/wp-json\/wp\/v2\/pages"}],"about":[{"href":"https:\/\/www.waffenhandel-walch.de\/index.php\/wp-json\/wp\/v2\/types\/page"}],"author":[{"embeddable":true,"href":"https:\/\/www.waffenhandel-walch.de\/index.php\/wp-json\/wp\/v2\/users\/1"}],"replies":[{"embeddable":true,"href":"https:\/\/www.waffenhandel-walch.de\/index.php\/wp-json\/wp\/v2\/comments?post=332"}],"version-history":[{"count":2,"href":"https:\/\/www.waffenhandel-walch.de\/index.php\/wp-json\/wp\/v2\/pages\/332\/revisions"}],"predecessor-version":[{"id":500,"href":"https:\/\/www.waffenhandel-walch.de\/index.php\/wp-json\/wp\/v2\/pages\/332\/revisions\/500"}],"wp:attachment":[{"href":"https:\/\/www.waffenhandel-walch.de\/index.php\/wp-json\/wp\/v2\/media?parent=332"}],"curies":[{"name":"wp","href":"https:\/\/api.w.org\/{rel}","templated":true}]}}